{"id":5072,"date":"2022-10-05T08:19:01","date_gmt":"2022-10-05T05:19:01","guid":{"rendered":"https:\/\/argenta.clbthemes.com\/demo_09\/?page_id=5062"},"modified":"2023-04-10T12:16:58","modified_gmt":"2023-04-10T09:16:58","slug":"home-2","status":"publish","type":"page","link":"https:\/\/inciyasar.com\/en\/","title":{"rendered":"Home"},"content":{"rendered":"[vc_row full_width=&#8221;stretch_row_content_no_spaces&#8221; full_height=&#8221;yes&#8221; css=&#8221;.vc_custom_1496741767017{padding-top: 0px !important;}&#8221;][vc_column el_class=&#8221;home-top-text&#8221;]<div class=\"split-box full-vh\" id=\"argenta-custom-69e1057449dae\" \n\t\t\t\t>\n\t\t<div class=\"vc_col-md-6 split-box-wrap\">\n\t\t<div class=\"parallax-bg\"><\/div>\n\t\t<div class=\"content\">\n\t\t\t\t\t<\/div>\n\t<\/div>\t<div class=\"vc_col-md-6 split-box-wrap\">\n\t\t<div class=\"parallax-bg\"><\/div>\n\t\t<div class=\"content\">\n\t\t\t[vc_row_inner][vc_column_inner el_class=&#8221;home-top-text&#8221;]<div id=\"argenta-custom-69e105744ac6f\"  >\n\t<h2 style=\"font-size: 24px;\">Hello, I am Inci.<\/h2>\n<p>Every person has a passion, a desire to do, a talent.<br \/>\nMy passion is healing.<\/p>\n<p>A healer must heal themselves first.<br \/>\nMy healing journey has begun in 2005 with the diagnosis of Multiple Sclerosis. And I was able to stop the progression of a highly active MS, which was progressing very rapidly, with the help of many other elements, without any medication.<\/p>\n<p>I believe that our planet needs healers more than engineers, lawyers, etc., especially in these days we live in.<br \/>\nA healer should show others the way and help them heal themselves, because healing must come from within. I strongly believe that we need to take control of our health ourselves.<\/p>\n<p>When it comes to healing, we are basically talking about the unity of spirit, mind and body.<br \/>\nWe are talking about our ancestors, past lives, childhood shocks and traumas, pain, sadness, heart breaks. disappointments, betrayals and the emotions that these experiences bring.<br \/>\nAs we take these weights off our shoulders and from our whole being, we begin to transform the so-called &#8216;negative&#8217; emotions into nectar like an alchemist, like a shaman.<\/p>\n<p>The decision to start this incredibly wonderful journey is your business, and it is mine to support and stand by you on this journey.<\/p>\n<p>Are you ready to start?<\/p>\n<\/div>\n\n[vc_empty_space height=&#8221;5px&#8221;]<div id=\"argenta-custom-69e105744ae22\"  data-aos=\"fade-left\"  data-aos-duration=\"600\">\n\t<p>You can follow me on social media <a class=\"link\" href=\"https:\/\/www.instagram.com\/inciyasarcom\/\" target=\"_blank\" rel=\"noopener noreferrer\"><u>Instagram<\/u><\/a>,\u00a0<a href=\"https:\/\/www.facebook.com\/people\/%C4%B0nci-Ya%C5%9Far-Com\/100063862093785\/\" target=\"_blank\" rel=\"noopener\"><u>facebook<\/u><\/a><\/p>\n<\/div>\n\n[\/vc_column_inner][\/vc_row_inner]\t\t<\/div>\n\t<\/div>\t\n<\/div>\n\n[\/vc_column][\/vc_row][vc_row full_width=&#8221;stretch_row_content_no_spaces&#8221; css=&#8221;.vc_custom_1670756722367{padding-top: 0px !important;}&#8221;][vc_column css=&#8221;.vc_custom_1496742174027{padding-top: 0px !important;}&#8221;]<div class=\"split-box mobile-flow\" id=\"argenta-custom-69e105744afeb\" \n\t\tdata-parallax-right=\"vertical\"\t\tdata-parallax-speed-right=\"1.0\">\n\t\t<div class=\"vc_col-md-6 split-box-wrap\">\n\t\t<div class=\"parallax-bg\"><\/div>\n\t\t<div class=\"content\">\n\t\t\t[vc_row_inner][vc_column_inner]<div id=\"argenta-custom-69e105744bacd\"  class=\"heading-wrapper text-left\"  data-aos=\"fade-right\"  data-aos-duration=\"300\">\n\t\t\t<p class=\"subtitle\"><\/p>\n\t\n\t<h2 class=\"second-title text-left\">Multiple Sclerosis<\/h2>\n\n\t\n\t\n\t<\/div>\t\n\n[vc_empty_space height=&#8221;10px&#8221;]<div id=\"argenta-custom-69e105744bcde\"  data-aos=\"fade-right\"  data-aos-duration=\"450\">\n\t<p>I have been on a journey with Multiple Sclerosis for many years. When I almost died because of the side effect of the MS drugs, I\u2019ve decided to heal myself. Thanks to the ancient healing methods that I have applied and made a part of my daily life, thankfully I have managed to stop the progression of a highly active MS, without using any medication.<\/p>\n<p>I can help you to do the same.<\/p>\n<\/div>\n\n[vc_empty_space height=&#8221;5px&#8221;]<div class=\"button_wrapper\"  data-aos=\"fade-right\"  data-aos-duration=\"400\">\n\t\n\t<a href=\"https:\/\/inciyasar.com\/en\/multiple-sclerosis\/\" class=\"btn btn-outline\" id=\"argenta-custom-69e105744beaa\">\n\t\t\t\t<span class=\"icon fa fa-angle-right\"><\/span>\n\t\t\t\t<span class=\"text\">Read More<\/span>\n\t\t\t<\/a>\n\t\n<\/div>\n\n[\/vc_column_inner][\/vc_row_inner]\t\t<\/div>\n\t<\/div>\t<div class=\"vc_col-md-6 split-box-wrap\">\n\t\t<div class=\"parallax-bg\"><\/div>\n\t\t<div class=\"content\">\n\t\t\t\t\t<\/div>\n\t<\/div>\t\n<\/div>\n\n[\/vc_column][\/vc_row][vc_row full_width=&#8221;stretch_row_content_no_spaces&#8221; css=&#8221;.vc_custom_1666129033616{padding-top: 0px !important;}&#8221;][vc_column css=&#8221;.vc_custom_1496742174027{padding-top: 0px !important;}&#8221;]<div class=\"split-box\" id=\"argenta-custom-69e105744c166\" \n\t\tdata-parallax-right=\"vertical\"\t\tdata-parallax-speed-right=\"1.0\">\n\t\t<div class=\"vc_col-md-6 split-box-wrap\">\n\t\t<div class=\"parallax-bg\"><\/div>\n\t\t<div class=\"content\">\n\t\t\t\t\t<\/div>\n\t<\/div>\t<div class=\"vc_col-md-6 split-box-wrap\">\n\t\t<div class=\"parallax-bg\"><\/div>\n\t\t<div class=\"content\">\n\t\t\t[vc_row_inner][vc_column_inner]<div id=\"argenta-custom-69e105744cc32\"  class=\"heading-wrapper text-left\"  data-aos=\"fade-left\"  data-aos-duration=\"300\">\n\t\t\t<p class=\"subtitle\"><\/p>\n\t\n\t<h2 class=\"second-title text-left\">Inka Shamanic Path<\/h2>\n\n\t\n\t\n\t<\/div>\t\n\n[vc_empty_space height=&#8221;10px&#8221;]<div id=\"argenta-custom-69e105744ce15\"  data-aos=\"fade-left\"  data-aos-duration=\"450\">\n\t<p>The fourth level of the Inka shamanic wisdom is a very old tradition. This very advanced but at the same time, very ancient tradition reminds us that we humans are an indispensable part of this planet, the universe, the cosmos, and helps us to understand nature, her working principles more deeply, and therefore to understand ourselves much better.<\/p>\n<p>This is a wisdom that makes us feel inter- connected and inter-be with mountains, hills, seas, moon, stars, trees, rivers, water fountains, flowers, rocks, stones, birds, all beings, not only in theory but really feel it personally through with a series of meditations and rituals.<\/p>\n<\/div>\n\n[vc_empty_space height=&#8221;5px&#8221;]<div class=\"button_wrapper\"  data-aos=\"fade-left\"  data-aos-duration=\"400\">\n\t\n\t<a href=\"https:\/\/inciyasar.com\/en\/inka-fourth-level-shamanic-path\/\" class=\"btn btn-outline\" id=\"argenta-custom-69e105744cfd5\">\n\t\t\t\t<span class=\"icon fa fa-angle-right\"><\/span>\n\t\t\t\t<span class=\"text\">Read More<\/span>\n\t\t\t<\/a>\n\t\n<\/div>\n\n[\/vc_column_inner][\/vc_row_inner]\t\t<\/div>\n\t<\/div>\t\n<\/div>\n\n[\/vc_column][\/vc_row][vc_row full_width=&#8221;stretch_row_content_no_spaces&#8221; css=&#8221;.vc_custom_1670756867914{padding-top: 0px !important;}&#8221;][vc_column css=&#8221;.vc_custom_1496742174027{padding-top: 0px !important;}&#8221;]<div class=\"split-box mobile-flow\" id=\"argenta-custom-69e105744d174\" \n\t\tdata-parallax-right=\"vertical\"\t\tdata-parallax-speed-right=\"1.0\">\n\t\t<div class=\"vc_col-md-6 split-box-wrap\">\n\t\t<div class=\"parallax-bg\"><\/div>\n\t\t<div class=\"content\">\n\t\t\t[vc_row_inner][vc_column_inner]<div id=\"argenta-custom-69e105744dad5\"  class=\"heading-wrapper text-left\"  data-aos=\"fade-right\"  data-aos-duration=\"300\">\n\t\t\t<p class=\"subtitle\"><\/p>\n\t\n\t<h2 class=\"second-title text-left\">Root Shamanism<\/h2>\n\n\t\n\t\n\t<\/div>\t\n\n[vc_empty_space height=&#8221;10px&#8221;]<div id=\"argenta-custom-69e105744dcab\"  data-aos=\"fade-right\"  data-aos-duration=\"450\">\n\t<p>The history of shamanism dates back to 50,000 BC, perhaps even earlier. It is as old as humanity.<\/p>\n<p>For Shaman, nature, human, the sky, the universe are one and the same thing. For the shaman, everyone and everything is alive and has a soul. Planet Earth, plants, seas, oceans, mountains, stars, animals and humans, and also non-physical entities; all sentient beings are alive and conscious.<\/p>\n<p>This dimension we live in is not the only reality, there are more dimensions that we can not access into with the ordinary ways.<\/p>\n<\/div>\n\n[vc_empty_space height=&#8221;5px&#8221;]<div class=\"button_wrapper\"  data-aos=\"fade-right\"  data-aos-duration=\"400\">\n\t\n\t<a href=\"https:\/\/inciyasar.com\/en\/root-shamanism\/\" class=\"btn btn-outline\" id=\"argenta-custom-69e105744de62\">\n\t\t\t\t<span class=\"icon fa fa-angle-right\"><\/span>\n\t\t\t\t<span class=\"text\">Read More<\/span>\n\t\t\t<\/a>\n\t\n<\/div>\n\n[\/vc_column_inner][\/vc_row_inner]\t\t<\/div>\n\t<\/div>\t<div class=\"vc_col-md-6 split-box-wrap\">\n\t\t<div class=\"parallax-bg\"><\/div>\n\t\t<div class=\"content\">\n\t\t\t\t\t<\/div>\n\t<\/div>\t\n<\/div>\n\n[\/vc_column][\/vc_row][vc_row full_width=&#8221;stretch_row_content_no_spaces&#8221; css=&#8221;.vc_custom_1666129033616{padding-top: 0px !important;}&#8221;][vc_column css=&#8221;.vc_custom_1496742174027{padding-top: 0px !important;}&#8221;]<div class=\"split-box\" id=\"argenta-custom-69e105744e10a\" \n\t\tdata-parallax-right=\"vertical\"\t\tdata-parallax-speed-right=\"1.0\">\n\t\t<div class=\"vc_col-md-6 split-box-wrap\">\n\t\t<div class=\"parallax-bg\"><\/div>\n\t\t<div class=\"content\">\n\t\t\t\t\t<\/div>\n\t<\/div>\t<div class=\"vc_col-md-6 split-box-wrap\">\n\t\t<div class=\"parallax-bg\"><\/div>\n\t\t<div class=\"content\">\n\t\t\t[vc_row_inner][vc_column_inner]<div id=\"argenta-custom-69e105744ebf1\"  class=\"heading-wrapper text-left\"  data-aos=\"fade-left\"  data-aos-duration=\"300\">\n\t\t\t<p class=\"subtitle\">Reiki Master Teacher<\/p>\n\t\n\t<h2 class=\"second-title text-left\">Reiki<\/h2>\n\n\t\n\t\n\t<\/div>\t\n\n[vc_empty_space height=&#8221;10px&#8221;]<div id=\"argenta-custom-69e105744ee13\"  data-aos=\"fade-left\"  data-aos-duration=\"450\">\n\t<p>Everything is energy. Our bodies are also naturally energetic. While our bones resonate at lower frequencies, our blood, thoughts vibrates at higher frequencies. This magnetic force is known as bio-magnetic field. This energy has been studied by different cultures all over the world and is called Qi by the Chinese, Ki by the Japanese and Koreans, Ka by the ancient Egyptians, Prana by the Indians, and Kawsay Pacha by the Peruvian Indians, etc.<\/p>\n<\/div>\n\n[vc_empty_space height=&#8221;5px&#8221;]<div class=\"button_wrapper\"  data-aos=\"fade-left\"  data-aos-duration=\"400\">\n\t\n\t<a href=\"https:\/\/inciyasar.com\/en\/reiki-healing\/\" class=\"btn btn-outline\" id=\"argenta-custom-69e105744efb3\">\n\t\t\t\t<span class=\"icon fa fa-angle-right\"><\/span>\n\t\t\t\t<span class=\"text\">Read More<\/span>\n\t\t\t<\/a>\n\t\n<\/div>\n\n[\/vc_column_inner][\/vc_row_inner]\t\t<\/div>\n\t<\/div>\t\n<\/div>\n\n[\/vc_column][\/vc_row][vc_row full_height=&#8221;yes&#8221;][vc_column el_class=&#8221;courses-block&#8221;][vc_empty_space height=&#8221;50px&#8221;]<div id=\"argenta-custom-69e105744f193\"  class=\"heading-wrapper text-center\"  data-aos=\"fade-up\"  data-aos-duration=\"300\">\n\t\n\t<h2 class=\"second-title text-center\">Healing\/Education<\/h2>\n\n\t\n\t\n\t\t\t<p class=\"subtitle\"><\/p>\n\t<\/div>\t\n\n[vc_row_inner css=&#8221;.vc_custom_1667314043648{margin-top: 20px !important;}&#8221;][vc_column_inner width=&#8221;1\/3&#8243;]<div id=\"argenta-custom-69e105744f9ad\" class=\"banner-box-wrapper banner-box text-center\" data-aos=\"fade-up\" >\n\t\n\t<div class=\"wrap-image\">\n\t\t<img decoding=\"async\" src=\"https:\/\/inciyasar.com\/wp-content\/uploads\/2022\/11\/Inci_MS.png\" alt=\"Multiple Sclerosis\">\n\t<\/div>\n\n\t\n\t\t<h3 class=\"title\">Multiple Sclerosis<\/h3>\n\n\t\t\t\t<p class=\"subtitle\">\n\t\t\tHealing\/Education\t\t<\/p>\n\t\t\n\t\t<p class=\"description\">\n\t\t\tI have been on a journey with Multiple Sclerosis for many years. When I almost died because of the side effect of the MS drugs, I\u2019ve decided to heal myself.\t\t<\/p>\n\n\t\t\t\t\t\t\t<a href=\"https:\/\/inciyasar.com\/en\/multiple-sclerosis-course\/\" class=\"btn box-btn uppercase\">\n\t\t\tMultiple Sclerosis Course\t\t<\/a>\n\t\t\t\t\t\n\t<\/div>\n\n[\/vc_column_inner][vc_column_inner width=&#8221;1\/3&#8243;]<div id=\"argenta-custom-69e1057450343\" class=\"banner-box-wrapper banner-box text-center\" data-aos=\"fade-up\" >\n\t\n\t<div class=\"wrap-image\">\n\t\t<img decoding=\"async\" src=\"https:\/\/inciyasar.com\/wp-content\/uploads\/2022\/10\/Samanlik11.jpeg\" alt=\"Root Shamanism\">\n\t<\/div>\n\n\t\n\t\t<h3 class=\"title\">Root Shamanism<\/h3>\n\n\t\t\t\t<p class=\"subtitle\">\n\t\t\tHealing\/Education\t\t<\/p>\n\t\t\n\t\t<p class=\"description\">\n\t\t\tFor Shaman, nature, human, the sky, the universe are one and the same thing. For the shaman, everyone and everything is alive and has a soul.\t\t<\/p>\n\n\t\t\t\t\t\t\t<a href=\"https:\/\/inciyasar.com\/en\/root-shamanism-course\/\" class=\"btn box-btn uppercase\">\n\t\t\tRoot Shamanism Course\t\t<\/a>\n\t\t\t\t\t\n\t<\/div>\n\n[\/vc_column_inner][vc_column_inner width=&#8221;1\/3&#8243;]<div id=\"argenta-custom-69e10574509fb\" class=\"banner-box-wrapper banner-box text-center\" data-aos=\"fade-up\" >\n\t\n\t<div class=\"wrap-image\">\n\t\t<img decoding=\"async\" src=\"https:\/\/inciyasar.com\/wp-content\/uploads\/2022\/11\/Inka-Mystical-Path_1.jpg\" alt=\"Inka Shamanic Path\">\n\t<\/div>\n\n\t\n\t\t<h3 class=\"title\">Inka Shamanic Path<\/h3>\n\n\t\t\t\t<p class=\"subtitle\">\n\t\t\tHealing\/Education\t\t<\/p>\n\t\t\n\t\t<p class=\"description\">\n\t\t\tThe Q\u2019ero are a small group that live up to the ancient wisdom of the Inka of Peru for at least 1000 year.\t\t<\/p>\n\n\t\t\t\t\t\t\t<a href=\"https:\/\/inciyasar.com\/en\/inka-shamanic-path-course\/\" class=\"btn box-btn uppercase\">\n\t\t\tInka Shamanic Path Course\t\t<\/a>\n\t\t\t\t\t\n\t<\/div>\n\n[\/vc_column_inner][\/vc_row_inner][vc_empty_space height=&#8221;120px&#8221; el_class=&#8221;arg-spacer&#8221;][\/vc_column][\/vc_row][vc_row][vc_column]<div id=\"argenta-custom-69e1057450c68\"  class=\"heading-wrapper text-center\"  data-aos=\"fade-up\"  data-aos-duration=\"300\">\n\t\n\t<h2 class=\"second-title text-center\">TESTIMONIALS<\/h2>\n\n\t\n\t\n\t\t\t<p class=\"subtitle\"><\/p>\n\t<\/div>\t\n\n<div class=\"slider full\" id=\"argenta-custom-69e1057450e1d\" data-slider=\"true\"\n\tdata-slide-by=\"1\" data-autoplay-time=\"5\"\n\tdata-autoplay=\"true\" data-nav=\"false\" data-pagination=\"true\"\n\tdata-loop=\"true\" data-items-desktop=\"1\" data-items-tablet=\"1\"\n\tdata-items-mobile=\"1\" data-stop-hover=\"true\"  data-aos=\"fade-up\">\n\n\t<div class=\"slider-wrap\">\n\t<div class=\"testimonials\">\n\t\n\t\t<div class=\"testimonials-quote\">\n\t\t<span class=\"icon ion-quote\"><\/span>\n\t<\/div>\n\t\n\t<blockquote>During the healing session, I felt the energy flow very strongly in the places that needed healing. Afterwards, every point you made matched exactly with what I experienced. Keep working together dear teacher, thank you very much.<\/blockquote>\n\n\t\n\t\n\t\t<h4 class=\"title\">- Sutude Atik<\/h4>\n\t<p class=\"subtitle small\"><\/p>\n\t\n<\/div>\n\n<\/div><div class=\"slider-wrap\">\n\t<div class=\"testimonials\">\n\t\n\t\t<div class=\"testimonials-quote\">\n\t\t<span class=\"icon ion-quote\"><\/span>\n\t<\/div>\n\t\n\t<blockquote>I met her 9 years ago. I was so much in pain and was looking for a way to get out of my suffering. During the shamanic training, I went to an inner journey and met my guardian spirits who helped me a lot. We continued on my healing journey with Reiki sessions. She mentioned that most of my suffering are caused by the past traumas that I\u2019ve had experienced. Most of my physical and mental pain got relieved by the help of her healings. I can easily say that she has saved my life. I feel very grateful that I met you and our paths crossed, my dear teacher. I love you.<\/blockquote>\n\n\t\n\t\n\t\t<h4 class=\"title\">- Seval E.<\/h4>\n\t<p class=\"subtitle small\"><\/p>\n\t\n<\/div>\n\n<\/div><div class=\"slider-wrap\">\n\t<div class=\"testimonials\">\n\t\n\t\t<div class=\"testimonials-quote\">\n\t\t<span class=\"icon ion-quote\"><\/span>\n\t<\/div>\n\t\n\t<blockquote>I have cried while I was reading what you have written. I am very shocked and surprised because you have pinpointed everything exactly what I am experiencing. Thank you.<\/blockquote>\n\n\t\n\t\n\t\t<h4 class=\"title\">- Beste<\/h4>\n\t<p class=\"subtitle small\"><\/p>\n\t\n<\/div>\n\n<\/div><div class=\"slider-wrap\">\n\t<div class=\"testimonials\">\n\t\n\t\t<div class=\"testimonials-quote\">\n\t\t<span class=\"icon ion-quote\"><\/span>\n\t<\/div>\n\t\n\t<blockquote>You are very gifted at this wrok \u0130nci. I felt a lot of sensations in my body during the session, and I sank into a deeply restful state and fell asleep and rested very deeply. I felt a lot has shifted since and physically feel as though I just received a message or deep healing. I look forward to seeing the benefits that might occur over the next few days.<\/blockquote>\n\n\t\n\t\n\t\t<h4 class=\"title\">- Erica Slyhouse Jones<\/h4>\n\t<p class=\"subtitle small\">Healer, Owner at Erica Jones.co.<\/p>\n\t\n<\/div>\n\n<\/div>\t\n<\/div>\n\n[vc_empty_space height=&#8221;120px&#8221; el_class=&#8221;arg-spacer&#8221;][\/vc_column][\/vc_row][vc_row full_width=&#8221;stretch_row_content_no_spaces&#8221;][vc_column][vc_cta h2=&#8221;Are you ready to start?&#8221; txt_align=&#8221;center&#8221; add_button=&#8221;bottom&#8221; btn_title=&#8221;Meeting Request&#8221; btn_color=&#8221;danger&#8221; btn_align=&#8221;center&#8221; btn_link=&#8221;url:https%3A%2F%2Finciyasar.com%2Fen%2Fregistration-form%2F|title:Registration%20Form&#8221;]\n<p style=\"text-align: center;\">We invite you to our free video chat.<br \/>\nIn this session, we will discuss solutions specific to you together. I will guide you on your personal journey and share with you ways that I can support you.<\/p>\n[\/vc_cta][\/vc_column][\/vc_row]\n","protected":false},"excerpt":{"rendered":"<p>[vc_row full_width=&#8221;stretch_row_content_no_spaces&#8221; full_height=&#8221;yes&#8221; css=&#8221;.vc_custom_1496741767017{padding-top: 0px !important;}&#8221;][vc_column el_class=&#8221;home-top-text&#8221;][\/vc_column][\/vc_row][vc_row full_width=&#8221;stretch_row_content_no_spaces&#8221; css=&#8221;.vc_custom_1670756722367{padding-top: 0px !important;}&#8221;][vc_column css=&#8221;.vc_custom_1496742174027{padding-top: 0px !important;}&#8221;][\/vc_column][\/vc_row][vc_row full_width=&#8221;stretch_row_content_no_spaces&#8221; css=&#8221;.vc_custom_1666129033616{padding-top: 0px !important;}&#8221;][vc_column css=&#8221;.vc_custom_1496742174027{padding-top: 0px !important;}&#8221;][\/vc_column][\/vc_row][vc_row full_width=&#8221;stretch_row_content_no_spaces&#8221; css=&#8221;.vc_custom_1670756867914{padding-top: 0px !important;}&#8221;][vc_column css=&#8221;.vc_custom_1496742174027{padding-top: 0px !important;}&#8221;][\/vc_column][\/vc_row][vc_row full_width=&#8221;stretch_row_content_no_spaces&#8221; css=&#8221;.vc_custom_1666129033616{padding-top: 0px !important;}&#8221;][vc_column css=&#8221;.vc_custom_1496742174027{padding-top: 0px !important;}&#8221;][\/vc_column][\/vc_row][vc_row full_height=&#8221;yes&#8221;][vc_column el_class=&#8221;courses-block&#8221;][vc_empty_space height=&#8221;50px&#8221;][vc_row_inner css=&#8221;.vc_custom_1667314043648{margin-top: 20px !important;}&#8221;][vc_column_inner width=&#8221;1\/3&#8243;][\/vc_column_inner][vc_column_inner width=&#8221;1\/3&#8243;][\/vc_column_inner][vc_column_inner width=&#8221;1\/3&#8243;][\/vc_column_inner][\/vc_row_inner][vc_empty_space height=&#8221;120px&#8221; el_class=&#8221;arg-spacer&#8221;][\/vc_column][\/vc_row][vc_row][vc_column][vc_empty_space height=&#8221;120px&#8221; el_class=&#8221;arg-spacer&#8221;][\/vc_column][\/vc_row][vc_row full_width=&#8221;stretch_row_content_no_spaces&#8221;][vc_column][vc_cta h2=&#8221;Are you ready to start?&#8221; txt_align=&#8221;center&#8221; [&hellip;]<\/p>\n","protected":false},"author":1,"featured_media":0,"parent":0,"menu_order":0,"comment_status":"closed","ping_status":"closed","template":"page-templates\/page_without-sidebar.php","meta":{"footnotes":""},"class_list":["post-5072","page","type-page","status-publish","hentry"],"acf":[],"yoast_head":"<!-- This site is optimized with the Yoast SEO plugin v21.5 - https:\/\/yoast.com\/wordpress\/plugins\/seo\/ -->\n<title>Inci Yasar - Mystical Journey with Inci<\/title>\n<meta name=\"description\" content=\"Hello, I am Inci. Every person has a passion, a desire to do, a talent. My passion is healing. A healer must heal themselves first.\" \/>\n<meta name=\"robots\" content=\"index, follow, max-snippet:-1, max-image-preview:large, max-video-preview:-1\" \/>\n<link rel=\"canonical\" href=\"https:\/\/inciyasar.com\/en\/\" \/>\n<meta property=\"og:locale\" content=\"en_US\" \/>\n<meta property=\"og:type\" content=\"article\" \/>\n<meta property=\"og:title\" content=\"Inci Yasar - Mystical Journey with Inci\" \/>\n<meta property=\"og:description\" content=\"Hello, I am Inci. Every person has a passion, a desire to do, a talent. My passion is healing. A healer must heal themselves first.\" \/>\n<meta property=\"og:url\" content=\"https:\/\/inciyasar.com\/en\/\" \/>\n<meta property=\"og:site_name\" content=\"\u0130nci Ya\u015far\" \/>\n<meta property=\"article:modified_time\" content=\"2023-04-10T09:16:58+00:00\" \/>\n<meta name=\"twitter:card\" content=\"summary_large_image\" \/>\n<meta name=\"twitter:label1\" content=\"Est. reading time\" \/>\n\t<meta name=\"twitter:data1\" content=\"8 minutes\" \/>\n<script type=\"application\/ld+json\" class=\"yoast-schema-graph\">{\"@context\":\"https:\/\/schema.org\",\"@graph\":[{\"@type\":\"WebPage\",\"@id\":\"https:\/\/inciyasar.com\/en\/\",\"url\":\"https:\/\/inciyasar.com\/en\/\",\"name\":\"Inci Yasar - Mystical Journey with Inci\",\"isPartOf\":{\"@id\":\"https:\/\/inciyasar.com\/en\/#website\"},\"datePublished\":\"2022-10-05T05:19:01+00:00\",\"dateModified\":\"2023-04-10T09:16:58+00:00\",\"description\":\"Hello, I am Inci. Every person has a passion, a desire to do, a talent. My passion is healing. A healer must heal themselves first.\",\"inLanguage\":\"en-US\",\"potentialAction\":[{\"@type\":\"ReadAction\",\"target\":[\"https:\/\/inciyasar.com\/en\/\"]}]},{\"@type\":\"WebSite\",\"@id\":\"https:\/\/inciyasar.com\/en\/#website\",\"url\":\"https:\/\/inciyasar.com\/en\/\",\"name\":\"\u0130nci Ya\u015far\",\"description\":\"Reiki Master \u00d6\u011fretmeni\",\"potentialAction\":[{\"@type\":\"SearchAction\",\"target\":{\"@type\":\"EntryPoint\",\"urlTemplate\":\"https:\/\/inciyasar.com\/en\/?s={search_term_string}\"},\"query-input\":\"required name=search_term_string\"}],\"inLanguage\":\"en-US\"}]}<\/script>\n<!-- \/ Yoast SEO plugin. -->","yoast_head_json":{"title":"Inci Yasar - Mystical Journey with Inci","description":"Hello, I am Inci. Every person has a passion, a desire to do, a talent. My passion is healing. A healer must heal themselves first.","robots":{"index":"index","follow":"follow","max-snippet":"max-snippet:-1","max-image-preview":"max-image-preview:large","max-video-preview":"max-video-preview:-1"},"canonical":"https:\/\/inciyasar.com\/en\/","og_locale":"en_US","og_type":"article","og_title":"Inci Yasar - Mystical Journey with Inci","og_description":"Hello, I am Inci. Every person has a passion, a desire to do, a talent. My passion is healing. A healer must heal themselves first.","og_url":"https:\/\/inciyasar.com\/en\/","og_site_name":"\u0130nci Ya\u015far","article_modified_time":"2023-04-10T09:16:58+00:00","twitter_card":"summary_large_image","twitter_misc":{"Est. reading time":"8 minutes"},"schema":{"@context":"https:\/\/schema.org","@graph":[{"@type":"WebPage","@id":"https:\/\/inciyasar.com\/en\/","url":"https:\/\/inciyasar.com\/en\/","name":"Inci Yasar - Mystical Journey with Inci","isPartOf":{"@id":"https:\/\/inciyasar.com\/en\/#website"},"datePublished":"2022-10-05T05:19:01+00:00","dateModified":"2023-04-10T09:16:58+00:00","description":"Hello, I am Inci. Every person has a passion, a desire to do, a talent. My passion is healing. A healer must heal themselves first.","inLanguage":"en-US","potentialAction":[{"@type":"ReadAction","target":["https:\/\/inciyasar.com\/en\/"]}]},{"@type":"WebSite","@id":"https:\/\/inciyasar.com\/en\/#website","url":"https:\/\/inciyasar.com\/en\/","name":"\u0130nci Ya\u015far","description":"Reiki Master \u00d6\u011fretmeni","potentialAction":[{"@type":"SearchAction","target":{"@type":"EntryPoint","urlTemplate":"https:\/\/inciyasar.com\/en\/?s={search_term_string}"},"query-input":"required name=search_term_string"}],"inLanguage":"en-US"}]}},"_links":{"self":[{"href":"https:\/\/inciyasar.com\/en\/wp-json\/wp\/v2\/pages\/5072","targetHints":{"allow":["GET"]}}],"collection":[{"href":"https:\/\/inciyasar.com\/en\/wp-json\/wp\/v2\/pages"}],"about":[{"href":"https:\/\/inciyasar.com\/en\/wp-json\/wp\/v2\/types\/page"}],"author":[{"embeddable":true,"href":"https:\/\/inciyasar.com\/en\/wp-json\/wp\/v2\/users\/1"}],"replies":[{"embeddable":true,"href":"https:\/\/inciyasar.com\/en\/wp-json\/wp\/v2\/comments?post=5072"}],"version-history":[{"count":155,"href":"https:\/\/inciyasar.com\/en\/wp-json\/wp\/v2\/pages\/5072\/revisions"}],"predecessor-version":[{"id":6716,"href":"https:\/\/inciyasar.com\/en\/wp-json\/wp\/v2\/pages\/5072\/revisions\/6716"}],"wp:attachment":[{"href":"https:\/\/inciyasar.com\/en\/wp-json\/wp\/v2\/media?parent=5072"}],"curies":[{"name":"wp","href":"https:\/\/api.w.org\/{rel}","templated":true}]}}