{"id":5773,"date":"2022-10-05T19:34:40","date_gmt":"2022-10-05T16:34:40","guid":{"rendered":"https:\/\/inciyasar.com\/?page_id=5773"},"modified":"2023-04-10T12:30:13","modified_gmt":"2023-04-10T09:30:13","slug":"multiple-sclerosis-course","status":"publish","type":"page","link":"https:\/\/inciyasar.com\/en\/multiple-sclerosis-course\/","title":{"rendered":"Multiple Sclerosis Course"},"content":{"rendered":"[vc_row equal_height=&#8221;yes&#8221; content_placement=&#8221;middle&#8221; css=&#8221;.vc_custom_1665669891516{margin-top: 30px !important;}&#8221;][vc_column]<div id=\"argenta-custom-69fc967e7e11a\"  data-aos=\"flip-up\" >\n\t<h2 style=\"text-align: left;\">Healing\/Course Content<\/h2>\n<\/div>\n\n<div id=\"argenta-custom-69fc967e7e2de\"  data-aos=\"fade-up\" >\n\t<p>MS is a disease that progresses and worsens with emotions such as stress\/sadness\/anxiety and so on. The healings, exercises, and meditations described below will clear you of those feelings, calm you down, free you from the afflictions of the past, present and future and support you in how to be strong through life\u2019s challenges.<\/p>\n<\/div>\n\n<div id=\"argenta-custom-69fc967e7e463\"  data-aos=\"fade-up\" >\n\t<h2>Healings<\/h2>\n<p>Shamanic, Quantum, Bio-Energy\/Shamanic Reiki healings are excellent for holistic healing. They provide incredible benefits for your mental, emotional, spiritual and physical health.<\/p>\n<h3>1.Shamanic Healing<\/h3>\n<p>With this healing method, the shocks and traumas you have experienced throughout all your life, starting from your childhood, bring back the lost parts of your soul to the present moment and to yourself. Through the Shamanic healing, lost\/frozen parts of your soul return home, to your body. You become whole again.<\/p>\n<h3>2.Quantum Healing<\/h3>\n<p>The healer takes you to the past. This method of healing allows you to connect with your inner child. You will merge with your inner child and help you to reach inner harmony, physical and inner health. I invite you to the deep quantum healing going beyond space-time dimension limitaions.<\/p>\n<h3>3.Bio-Energy\/Shamanic Reiki Healing<\/h3>\n<p>It clears your mind, removes the blocks, washes you with the loving energy, bio energy coming from the cosmos. It opens and balances all your chakras, helps you feel calm, relaxed and lighter. You feel satisfaction and relief from stress, the heavy feelings of fear, anger and anxiety. Also, this method of healing helps to reduce your physical pain, heal your troubles caused by chronic diseases, and in some cases they are completely cured.<\/p>\n<\/div>\n\n<div id=\"argenta-custom-69fc967e7e5d3\"  data-aos=\"fade-up\" >\n\t<h2>Active Meditations<\/h2>\n<h3>Exercises for releasing stress in the body<\/h3>\n<p>These great meditative exercises will free you from the influence of past, present stresful events in the physical body, your body will be stronger and happy.<\/p>\n<\/div>\n\n<div id=\"argenta-custom-69fc967e7e73a\"  data-aos=\"fade-up\" >\n\t<h2>Silent Meditations<\/h2>\n<h3>1.Life Energy-Bio Energy Meditations<\/h3>\n<p>These meditations appeal to both your body and soul.<\/p>\n<h3>2.Shamanic Meditations<\/h3>\n<p>Shamanic meditations help you how to accept happily some of un-wanted feelings such as anger\/distress\/anxiety\/stress and turn them into benefits like an alchemist.<\/p>\n<\/div>\n\n[\/vc_column][\/vc_row][vc_row css=&#8221;.vc_custom_1666110080007{margin-bottom: 50px !important;}&#8221;][vc_column css_animation=&#8221;none&#8221;][vc_empty_space height=&#8221;25px&#8221;]<div class=\"button_wrapper\"  data-aos=\"fade-up\" >\n\t\n\t<a href=\"https:\/\/inciyasar.com\/en\/multiple-sclerosis\/\" class=\"btn btn-outline\">\n\t\t\t\t<span class=\"text\">READ MORE ABOUT MS<\/span>\n\t\t\t<\/a>\n\t\n<\/div>\n\n[vc_empty_space height=&#8221;25px&#8221;]<div class=\"button_wrapper\"  data-aos=\"fade-up\" >\n\t\n\t<a href=\"https:\/\/inciyasar.com\/en\/registration-form\/\" class=\"btn\">\n\t\t\t\t<span class=\"text\">REGISTRATION FORM<\/span>\n\t\t\t<\/a>\n\t\n<\/div>\n\n[\/vc_column][\/vc_row]\n","protected":false},"excerpt":{"rendered":"<p>[vc_row equal_height=&#8221;yes&#8221; content_placement=&#8221;middle&#8221; css=&#8221;.vc_custom_1665669891516{margin-top: 30px !important;}&#8221;][vc_column][\/vc_column][\/vc_row][vc_row css=&#8221;.vc_custom_1666110080007{margin-bottom: 50px !important;}&#8221;][vc_column css_animation=&#8221;none&#8221;][vc_empty_space height=&#8221;25px&#8221;][vc_empty_space height=&#8221;25px&#8221;][\/vc_column][\/vc_row]<\/p>\n","protected":false},"author":1,"featured_media":0,"parent":0,"menu_order":0,"comment_status":"closed","ping_status":"closed","template":"page-templates\/page_without-sidebar.php","meta":{"footnotes":""},"class_list":["post-5773","page","type-page","status-publish","hentry"],"acf":[],"yoast_head":"<!-- This site is optimized with the Yoast SEO plugin v21.5 - https:\/\/yoast.com\/wordpress\/plugins\/seo\/ -->\n<title>Multiple Sclerosis Course - \u0130nci Ya\u015far<\/title>\n<meta name=\"robots\" content=\"index, follow, max-snippet:-1, max-image-preview:large, max-video-preview:-1\" \/>\n<link rel=\"canonical\" href=\"https:\/\/inciyasar.com\/en\/multiple-sclerosis-course\/\" \/>\n<meta property=\"og:locale\" content=\"en_US\" \/>\n<meta property=\"og:type\" content=\"article\" \/>\n<meta property=\"og:title\" content=\"Multiple Sclerosis Course - \u0130nci Ya\u015far\" \/>\n<meta property=\"og:description\" content=\"[vc_row equal_height=&#8221;yes&#8221; content_placement=&#8221;middle&#8221; css=&#8221;.vc_custom_1665669891516{margin-top: 30px !important;}&#8221;][vc_column][\/vc_column][\/vc_row][vc_row css=&#8221;.vc_custom_1666110080007{margin-bottom: 50px !important;}&#8221;][vc_column css_animation=&#8221;none&#8221;][vc_empty_space height=&#8221;25px&#8221;][vc_empty_space height=&#8221;25px&#8221;][\/vc_column][\/vc_row]\" \/>\n<meta property=\"og:url\" content=\"https:\/\/inciyasar.com\/en\/multiple-sclerosis-course\/\" \/>\n<meta property=\"og:site_name\" content=\"\u0130nci Ya\u015far\" \/>\n<meta property=\"article:modified_time\" content=\"2023-04-10T09:30:13+00:00\" \/>\n<meta name=\"twitter:card\" content=\"summary_large_image\" \/>\n<meta name=\"twitter:label1\" content=\"Est. reading time\" \/>\n\t<meta name=\"twitter:data1\" content=\"3 minutes\" \/>\n<script type=\"application\/ld+json\" class=\"yoast-schema-graph\">{\"@context\":\"https:\/\/schema.org\",\"@graph\":[{\"@type\":\"WebPage\",\"@id\":\"https:\/\/inciyasar.com\/en\/multiple-sclerosis-course\/\",\"url\":\"https:\/\/inciyasar.com\/en\/multiple-sclerosis-course\/\",\"name\":\"Multiple Sclerosis Course - \u0130nci Ya\u015far\",\"isPartOf\":{\"@id\":\"https:\/\/inciyasar.com\/en\/#website\"},\"datePublished\":\"2022-10-05T16:34:40+00:00\",\"dateModified\":\"2023-04-10T09:30:13+00:00\",\"inLanguage\":\"en-US\",\"potentialAction\":[{\"@type\":\"ReadAction\",\"target\":[\"https:\/\/inciyasar.com\/en\/multiple-sclerosis-course\/\"]}]},{\"@type\":\"WebSite\",\"@id\":\"https:\/\/inciyasar.com\/en\/#website\",\"url\":\"https:\/\/inciyasar.com\/en\/\",\"name\":\"\u0130nci Ya\u015far\",\"description\":\"Reiki Master \u00d6\u011fretmeni\",\"potentialAction\":[{\"@type\":\"SearchAction\",\"target\":{\"@type\":\"EntryPoint\",\"urlTemplate\":\"https:\/\/inciyasar.com\/en\/?s={search_term_string}\"},\"query-input\":\"required name=search_term_string\"}],\"inLanguage\":\"en-US\"}]}<\/script>\n<!-- \/ Yoast SEO plugin. -->","yoast_head_json":{"title":"Multiple Sclerosis Course - \u0130nci Ya\u015far","robots":{"index":"index","follow":"follow","max-snippet":"max-snippet:-1","max-image-preview":"max-image-preview:large","max-video-preview":"max-video-preview:-1"},"canonical":"https:\/\/inciyasar.com\/en\/multiple-sclerosis-course\/","og_locale":"en_US","og_type":"article","og_title":"Multiple Sclerosis Course - \u0130nci Ya\u015far","og_description":"[vc_row equal_height=&#8221;yes&#8221; content_placement=&#8221;middle&#8221; css=&#8221;.vc_custom_1665669891516{margin-top: 30px !important;}&#8221;][vc_column][\/vc_column][\/vc_row][vc_row css=&#8221;.vc_custom_1666110080007{margin-bottom: 50px !important;}&#8221;][vc_column css_animation=&#8221;none&#8221;][vc_empty_space height=&#8221;25px&#8221;][vc_empty_space height=&#8221;25px&#8221;][\/vc_column][\/vc_row]","og_url":"https:\/\/inciyasar.com\/en\/multiple-sclerosis-course\/","og_site_name":"\u0130nci Ya\u015far","article_modified_time":"2023-04-10T09:30:13+00:00","twitter_card":"summary_large_image","twitter_misc":{"Est. reading time":"3 minutes"},"schema":{"@context":"https:\/\/schema.org","@graph":[{"@type":"WebPage","@id":"https:\/\/inciyasar.com\/en\/multiple-sclerosis-course\/","url":"https:\/\/inciyasar.com\/en\/multiple-sclerosis-course\/","name":"Multiple Sclerosis Course - \u0130nci Ya\u015far","isPartOf":{"@id":"https:\/\/inciyasar.com\/en\/#website"},"datePublished":"2022-10-05T16:34:40+00:00","dateModified":"2023-04-10T09:30:13+00:00","inLanguage":"en-US","potentialAction":[{"@type":"ReadAction","target":["https:\/\/inciyasar.com\/en\/multiple-sclerosis-course\/"]}]},{"@type":"WebSite","@id":"https:\/\/inciyasar.com\/en\/#website","url":"https:\/\/inciyasar.com\/en\/","name":"\u0130nci Ya\u015far","description":"Reiki Master \u00d6\u011fretmeni","potentialAction":[{"@type":"SearchAction","target":{"@type":"EntryPoint","urlTemplate":"https:\/\/inciyasar.com\/en\/?s={search_term_string}"},"query-input":"required name=search_term_string"}],"inLanguage":"en-US"}]}},"_links":{"self":[{"href":"https:\/\/inciyasar.com\/en\/wp-json\/wp\/v2\/pages\/5773","targetHints":{"allow":["GET"]}}],"collection":[{"href":"https:\/\/inciyasar.com\/en\/wp-json\/wp\/v2\/pages"}],"about":[{"href":"https:\/\/inciyasar.com\/en\/wp-json\/wp\/v2\/types\/page"}],"author":[{"embeddable":true,"href":"https:\/\/inciyasar.com\/en\/wp-json\/wp\/v2\/users\/1"}],"replies":[{"embeddable":true,"href":"https:\/\/inciyasar.com\/en\/wp-json\/wp\/v2\/comments?post=5773"}],"version-history":[{"count":22,"href":"https:\/\/inciyasar.com\/en\/wp-json\/wp\/v2\/pages\/5773\/revisions"}],"predecessor-version":[{"id":6722,"href":"https:\/\/inciyasar.com\/en\/wp-json\/wp\/v2\/pages\/5773\/revisions\/6722"}],"wp:attachment":[{"href":"https:\/\/inciyasar.com\/en\/wp-json\/wp\/v2\/media?parent=5773"}],"curies":[{"name":"wp","href":"https:\/\/api.w.org\/{rel}","templated":true}]}}