{"id":5955,"date":"2022-10-13T17:25:32","date_gmt":"2022-10-13T14:25:32","guid":{"rendered":"https:\/\/inciyasar.com\/?page_id=5955"},"modified":"2022-11-15T16:59:20","modified_gmt":"2022-11-15T13:59:20","slug":"registration-form","status":"publish","type":"page","link":"https:\/\/inciyasar.com\/en\/registration-form\/","title":{"rendered":"Registration Form"},"content":{"rendered":"[vc_row css=&#8221;.vc_custom_1666112037608{margin-top: 30px !important;margin-bottom: 50px !important;background-color: #f0f0f0 !important;}&#8221;][vc_column]<div id=\"argenta-custom-69fc96a3172e9\" class=\"icon-box\"  >\n\n\t<div class=\"icon-box-image brand-color brand-border-color\">\n\t\t\t\t<span class=\"linea-basic-sheet-txt brand-color\"><\/span>\n\t\t\t<\/div>\n\n\t<div class=\"icon-box-wrap-content\">\n\t\t<h3 class=\"title icon-box-title\"><\/h3>\n\t\t\n\t\t\t\t<div class=\"divider-dashed\">\n\t\t\t<div class=\"divider-line brand-bg-color\"><\/div>\n\t\t\t<div class=\"divider-line brand-bg-color\"><\/div>\n\t\t<\/div>\n\t\t\t\t\n\t\t\t\t\t<p class=\"icon-box-description\">Please fill in the information requested from you about the healing &amp; education you want to receive.<\/p>\n\n\t\t\t\t\t<\/div>\n\t\t\n<\/div>\n\n[vc_empty_space]<script type=\"text\/javascript\">var gform;gform||(document.addEventListener(\"gform_main_scripts_loaded\",function(){gform.scriptsLoaded=!0}),window.addEventListener(\"DOMContentLoaded\",function(){gform.domLoaded=!0}),gform={domLoaded:!1,scriptsLoaded:!1,initializeOnLoaded:function(o){gform.domLoaded&&gform.scriptsLoaded?o():!gform.domLoaded&&gform.scriptsLoaded?window.addEventListener(\"DOMContentLoaded\",o):document.addEventListener(\"gform_main_scripts_loaded\",o)},hooks:{action:{},filter:{}},addAction:function(o,r,n,t){gform.addHook(\"action\",o,r,n,t)},addFilter:function(o,r,n,t){gform.addHook(\"filter\",o,r,n,t)},doAction:function(o){gform.doHook(\"action\",o,arguments)},applyFilters:function(o){return gform.doHook(\"filter\",o,arguments)},removeAction:function(o,r){gform.removeHook(\"action\",o,r)},removeFilter:function(o,r,n){gform.removeHook(\"filter\",o,r,n)},addHook:function(o,r,n,t,i){null==gform.hooks[o][r]&&(gform.hooks[o][r]=[]);var e=gform.hooks[o][r];null==i&&(i=r+\"_\"+e.length),gform.hooks[o][r].push({tag:i,callable:n,priority:t=null==t?10:t})},doHook:function(o,r,n){if(n=Array.prototype.slice.call(n,1),null!=gform.hooks[o][r]){var t,i=gform.hooks[o][r];i.sort(function(o,r){return o.priority-r.priority});for(var e=0;e<i.length;e++)\"function\"!=typeof(t=i[e].callable)&&(t=window[t]),\"action\"==o?t.apply(null,n):n[0]=t.apply(null,n)}if(\"filter\"==o)return n[0]},removeHook:function(o,r,n,t){if(null!=gform.hooks[o][r])for(var i=gform.hooks[o][r],e=i.length-1;0<=e;e--)null!=t&&t!=i[e].tag||null!=n&&n!=i[e].priority||i.splice(e,1)}});<\/script>\n                <div class='gf_browser_gecko gform_wrapper gravity-theme' id='gform_wrapper_4' style='display:none'><form method='post' enctype='multipart\/form-data'  id='gform_4'  action='\/en\/wp-json\/wp\/v2\/pages\/5955' novalidate>\n                        <div class='gform_body gform-body'><div id='gform_fields_4' class='gform_fields top_label form_sublabel_below description_below'><div id=\"field_4_17\" class=\"gfield gfield--width-third gfield_contains_required field_sublabel_below field_description_below gfield_visibility_visible\" ><label class='gfield_label' for='input_4_17' >Name Surname<span class=\"gfield_required\"><span class=\"gfield_required gfield_required_asterisk\">*<\/span><\/span><\/label><div class='ginput_container ginput_container_text'><input name='input_17' id='input_4_17' type='text' value='' class='large'     aria-required=\"true\" aria-invalid=\"false\"   \/> <\/div><\/div><div id=\"field_4_4\" class=\"gfield gfield--width-third gfield_contains_required field_sublabel_below field_description_below gfield_visibility_visible\" ><label class='gfield_label' for='input_4_4' >E-Mail<span class=\"gfield_required\"><span class=\"gfield_required gfield_required_asterisk\">*<\/span><\/span><\/label><div class='ginput_container ginput_container_email'>\n                            <input name='input_4' id='input_4_4' type='email' value='' class='large'    aria-required=\"true\" aria-invalid=\"false\"  \/>\n                        <\/div><\/div><div id=\"field_4_3\" class=\"gfield gfield--width-third gfield_contains_required field_sublabel_below field_description_below gfield_visibility_visible\" ><label class='gfield_label' for='input_4_3' >Phone<span class=\"gfield_required\"><span class=\"gfield_required gfield_required_asterisk\">*<\/span><\/span><\/label><div class='ginput_container ginput_container_phone'><input name='input_3' id='input_4_3' type='tel' value='' class='large'   aria-required=\"true\" aria-invalid=\"false\"   \/><\/div><\/div><div id=\"field_4_6\" class=\"gfield gfield--width-half gfield_contains_required field_sublabel_below field_description_below gfield_visibility_visible\" ><label class='gfield_label' for='input_4_6' >Healing &amp; Training<span class=\"gfield_required\"><span class=\"gfield_required gfield_required_asterisk\">*<\/span><\/span><\/label><div class='ginput_container ginput_container_select'><select name='input_6' id='input_4_6' class='large gfield_select'    aria-required=\"true\" aria-invalid=\"false\" ><option value='Healing' >Healing<\/option><option value='Root Shamanism' >Root Shamanism<\/option><option value='Inka Shamanic Path' >Inka Shamanic Path<\/option><option value='MS (Multiple Sclerosis)' >MS (Multiple Sclerosis)<\/option><option value='Meeting Request (30min)' >Meeting Request (30min)<\/option><option value='Other' >Other<\/option><\/select><\/div><\/div><div id=\"field_4_16\" class=\"gfield gfield--width-half gfield_contains_required field_sublabel_below field_description_below gfield_visibility_visible\" ><label class='gfield_label' for='input_4_16' >Message<span class=\"gfield_required\"><span class=\"gfield_required gfield_required_asterisk\">*<\/span><\/span><\/label><div class='ginput_container ginput_container_textarea'><textarea name='input_16' id='input_4_16' class='textarea small'     aria-required=\"true\" aria-invalid=\"false\"   rows='10' cols='50'><\/textarea><\/div><\/div><div id=\"field_4_18\" class=\"gfield gfield--width-full gfield_contains_required field_sublabel_below field_description_below gfield_visibility_visible\" ><label class='gfield_label' for='input_4_18' >Meeting Date<span class=\"gfield_required\"><span class=\"gfield_required gfield_required_asterisk\">*<\/span><\/span><\/label><div class='ginput_container ginput_container_date'>\n                            <input name='input_18' id='input_4_18' type='text' value='' class='datepicker mdy datepicker_no_icon gdatepicker-no-icon'   placeholder='mm\/dd\/yyyy' aria-describedby=\"input_4_18_date_format\" aria-invalid=\"false\" aria-required=\"true\"\/>\n                            <span id='input_4_18_date_format' class='screen-reader-text'>MM slash DD slash YYYY<\/span>\n                        <\/div>\n                        <input type='hidden' id='gforms_calendar_icon_input_4_18' class='gform_hidden' value='https:\/\/inciyasar.com\/wp-content\/plugins\/gravityforms\/images\/datepicker\/datepicker.svg'\/><\/div><\/div><\/div>\n        <div class='gform_footer top_label'> <input type='submit' id='gform_submit_button_4' class='gform_button button' value='Send'  onclick='if(window[\"gf_submitting_4\"]){return false;}  if( !jQuery(\"#gform_4\")[0].checkValidity || jQuery(\"#gform_4\")[0].checkValidity()){window[\"gf_submitting_4\"]=true;}  ' onkeypress='if( event.keyCode == 13 ){ if(window[\"gf_submitting_4\"]){return false;} if( !jQuery(\"#gform_4\")[0].checkValidity || jQuery(\"#gform_4\")[0].checkValidity()){window[\"gf_submitting_4\"]=true;}  jQuery(\"#gform_4\").trigger(\"submit\",[true]); }' \/> \n            <input type='hidden' class='gform_hidden' name='is_submit_4' value='1' \/>\n            <input type='hidden' class='gform_hidden' name='gform_submit' value='4' \/>\n            \n            <input type='hidden' class='gform_hidden' name='gform_unique_id' value='' \/>\n            <input type='hidden' class='gform_hidden' name='state_4' value='WyJbXSIsImY3ZWMyNWJhMjZmMzEyOGY4MGI2NjZhMjYwMjAxMWFkIl0=' \/>\n            <input type='hidden' class='gform_hidden' name='gform_target_page_number_4' id='gform_target_page_number_4' value='0' \/>\n            <input type='hidden' class='gform_hidden' name='gform_source_page_number_4' id='gform_source_page_number_4' value='1' \/>\n            <input type='hidden' name='gform_field_values' value='' \/>\n            \n        <\/div>\n                        <\/form>\n                        <\/div>[\/vc_column][\/vc_row]\n","protected":false},"excerpt":{"rendered":"<p>[vc_row css=&#8221;.vc_custom_1666112037608{margin-top: 30px !important;margin-bottom: 50px !important;background-color: #f0f0f0 !important;}&#8221;][vc_column][vc_empty_space][\/vc_column][\/vc_row]<\/p>\n","protected":false},"author":1,"featured_media":0,"parent":0,"menu_order":0,"comment_status":"closed","ping_status":"closed","template":"page-templates\/page_without-sidebar.php","meta":{"footnotes":""},"class_list":["post-5955","page","type-page","status-publish","hentry"],"acf":[],"yoast_head":"<!-- This site is optimized with the Yoast SEO plugin v21.5 - https:\/\/yoast.com\/wordpress\/plugins\/seo\/ -->\n<title>Registration Form - \u0130nci Ya\u015far<\/title>\n<meta name=\"robots\" content=\"index, follow, max-snippet:-1, max-image-preview:large, max-video-preview:-1\" \/>\n<link rel=\"canonical\" href=\"https:\/\/inciyasar.com\/en\/registration-form\/\" \/>\n<meta property=\"og:locale\" content=\"en_US\" \/>\n<meta property=\"og:type\" content=\"article\" \/>\n<meta property=\"og:title\" content=\"Registration Form - \u0130nci Ya\u015far\" \/>\n<meta property=\"og:description\" content=\"[vc_row css=&#8221;.vc_custom_1666112037608{margin-top: 30px !important;margin-bottom: 50px !important;background-color: #f0f0f0 !important;}&#8221;][vc_column][vc_empty_space][\/vc_column][\/vc_row]\" \/>\n<meta property=\"og:url\" content=\"https:\/\/inciyasar.com\/en\/registration-form\/\" \/>\n<meta property=\"og:site_name\" content=\"\u0130nci Ya\u015far\" \/>\n<meta property=\"article:modified_time\" content=\"2022-11-15T13:59:20+00:00\" \/>\n<meta name=\"twitter:card\" content=\"summary_large_image\" \/>\n<meta name=\"twitter:label1\" content=\"Est. reading time\" \/>\n\t<meta name=\"twitter:data1\" content=\"1 minute\" \/>\n<script type=\"application\/ld+json\" class=\"yoast-schema-graph\">{\"@context\":\"https:\/\/schema.org\",\"@graph\":[{\"@type\":\"WebPage\",\"@id\":\"https:\/\/inciyasar.com\/en\/registration-form\/\",\"url\":\"https:\/\/inciyasar.com\/en\/registration-form\/\",\"name\":\"Registration Form - \u0130nci Ya\u015far\",\"isPartOf\":{\"@id\":\"https:\/\/inciyasar.com\/en\/#website\"},\"datePublished\":\"2022-10-13T14:25:32+00:00\",\"dateModified\":\"2022-11-15T13:59:20+00:00\",\"inLanguage\":\"en-US\",\"potentialAction\":[{\"@type\":\"ReadAction\",\"target\":[\"https:\/\/inciyasar.com\/en\/registration-form\/\"]}]},{\"@type\":\"WebSite\",\"@id\":\"https:\/\/inciyasar.com\/en\/#website\",\"url\":\"https:\/\/inciyasar.com\/en\/\",\"name\":\"\u0130nci Ya\u015far\",\"description\":\"Reiki Master \u00d6\u011fretmeni\",\"potentialAction\":[{\"@type\":\"SearchAction\",\"target\":{\"@type\":\"EntryPoint\",\"urlTemplate\":\"https:\/\/inciyasar.com\/en\/?s={search_term_string}\"},\"query-input\":\"required name=search_term_string\"}],\"inLanguage\":\"en-US\"}]}<\/script>\n<!-- \/ Yoast SEO plugin. -->","yoast_head_json":{"title":"Registration Form - \u0130nci Ya\u015far","robots":{"index":"index","follow":"follow","max-snippet":"max-snippet:-1","max-image-preview":"max-image-preview:large","max-video-preview":"max-video-preview:-1"},"canonical":"https:\/\/inciyasar.com\/en\/registration-form\/","og_locale":"en_US","og_type":"article","og_title":"Registration Form - \u0130nci Ya\u015far","og_description":"[vc_row css=&#8221;.vc_custom_1666112037608{margin-top: 30px !important;margin-bottom: 50px !important;background-color: #f0f0f0 !important;}&#8221;][vc_column][vc_empty_space][\/vc_column][\/vc_row]","og_url":"https:\/\/inciyasar.com\/en\/registration-form\/","og_site_name":"\u0130nci Ya\u015far","article_modified_time":"2022-11-15T13:59:20+00:00","twitter_card":"summary_large_image","twitter_misc":{"Est. reading time":"1 minute"},"schema":{"@context":"https:\/\/schema.org","@graph":[{"@type":"WebPage","@id":"https:\/\/inciyasar.com\/en\/registration-form\/","url":"https:\/\/inciyasar.com\/en\/registration-form\/","name":"Registration Form - \u0130nci Ya\u015far","isPartOf":{"@id":"https:\/\/inciyasar.com\/en\/#website"},"datePublished":"2022-10-13T14:25:32+00:00","dateModified":"2022-11-15T13:59:20+00:00","inLanguage":"en-US","potentialAction":[{"@type":"ReadAction","target":["https:\/\/inciyasar.com\/en\/registration-form\/"]}]},{"@type":"WebSite","@id":"https:\/\/inciyasar.com\/en\/#website","url":"https:\/\/inciyasar.com\/en\/","name":"\u0130nci Ya\u015far","description":"Reiki Master \u00d6\u011fretmeni","potentialAction":[{"@type":"SearchAction","target":{"@type":"EntryPoint","urlTemplate":"https:\/\/inciyasar.com\/en\/?s={search_term_string}"},"query-input":"required name=search_term_string"}],"inLanguage":"en-US"}]}},"_links":{"self":[{"href":"https:\/\/inciyasar.com\/en\/wp-json\/wp\/v2\/pages\/5955","targetHints":{"allow":["GET"]}}],"collection":[{"href":"https:\/\/inciyasar.com\/en\/wp-json\/wp\/v2\/pages"}],"about":[{"href":"https:\/\/inciyasar.com\/en\/wp-json\/wp\/v2\/types\/page"}],"author":[{"embeddable":true,"href":"https:\/\/inciyasar.com\/en\/wp-json\/wp\/v2\/users\/1"}],"replies":[{"embeddable":true,"href":"https:\/\/inciyasar.com\/en\/wp-json\/wp\/v2\/comments?post=5955"}],"version-history":[{"count":13,"href":"https:\/\/inciyasar.com\/en\/wp-json\/wp\/v2\/pages\/5955\/revisions"}],"predecessor-version":[{"id":5982,"href":"https:\/\/inciyasar.com\/en\/wp-json\/wp\/v2\/pages\/5955\/revisions\/5982"}],"wp:attachment":[{"href":"https:\/\/inciyasar.com\/en\/wp-json\/wp\/v2\/media?parent=5955"}],"curies":[{"name":"wp","href":"https:\/\/api.w.org\/{rel}","templated":true}]}}