{"id":6317,"date":"2022-11-08T01:36:29","date_gmt":"2022-11-07T22:36:29","guid":{"rendered":"https:\/\/inciyasar.com\/?page_id=6317"},"modified":"2024-09-07T09:15:56","modified_gmt":"2024-09-07T06:15:56","slug":"inka-shamanic-path-course","status":"publish","type":"page","link":"https:\/\/inciyasar.com\/en\/inka-shamanic-path-course\/","title":{"rendered":"Peru Mystical Healing Arts Course"},"content":{"rendered":"[vc_row equal_height=&#8221;yes&#8221; content_placement=&#8221;middle&#8221; css=&#8221;.vc_custom_1667309935541{margin-top: 0px !important;}&#8221;][vc_column]<div id=\"argenta-custom-69e4c303cea32\"  data-aos=\"flip-up\" >\n\t<h2 style=\"text-align: left;\">Course\u00a0 Content<\/h2>\n<\/div>\n\n[\/vc_column][\/vc_row][vc_row equal_height=&#8221;yes&#8221; content_placement=&#8221;middle&#8221; css=&#8221;.vc_custom_1667309944774{margin-top: 0px !important;}&#8221;][vc_column width=&#8221;1\/2&#8243;]<div id=\"argenta-custom-69e4c303cec14\"  data-aos=\"fade-right\" >\n\t<ol>\n<li>What is Kausay\/Life Energy\/Qi?<\/li>\n<li>What is Sami\/Nectar?<\/li>\n<li>What\/Who is Paqo\/Shaman?<\/li>\n<li>What is Level Four?<\/li>\n<li>Experiencing\/Feeling of the Q\/Kausay\/Life energy with exercises<\/li>\n<li>What is Aura\/Personal Qi field?<\/li>\n<li>Recognising and feeling the aura with exercises<\/li>\n<li>Life Energy Meditations<\/li>\n<li>Inka Saminchakuy meditation<\/li>\n<li>Inka Saywachakuy meditation<\/li>\n<\/ol>\n<\/div>\n\n[\/vc_column][vc_column width=&#8221;1\/2&#8243;][vc_single_image image=&#8221;6306&#8243; img_size=&#8221;full&#8221; css_animation=&#8221;fadeInRight&#8221;][\/vc_column][\/vc_row][vc_row css=&#8221;.vc_custom_1666110080007{margin-bottom: 50px !important;}&#8221;][vc_column css_animation=&#8221;none&#8221;][vc_empty_space height=&#8221;25px&#8221;]<div class=\"button_wrapper\"  data-aos=\"fade-up\" >\n\t\n\t<a href=\"https:\/\/inciyasar.com\/en\/inka-fourth-level-shamanic-path\/\" class=\"btn btn-outline\">\n\t\t\t\t<span class=\"text\">MORE INFORMATION<\/span>\n\t\t\t<\/a>\n\t\n<\/div>\n\n[vc_empty_space height=&#8221;25px&#8221;]<div class=\"button_wrapper\"  data-aos=\"fade-up\" >\n\t\n\t<a href=\"https:\/\/inciyasar.com\/en\/registration-form\/\" class=\"btn\">\n\t\t\t\t<span class=\"text\">REGISTRATION FORM<\/span>\n\t\t\t<\/a>\n\t\n<\/div>\n\n[\/vc_column][\/vc_row]\n","protected":false},"excerpt":{"rendered":"<p>[vc_row equal_height=&#8221;yes&#8221; content_placement=&#8221;middle&#8221; css=&#8221;.vc_custom_1667309935541{margin-top: 0px !important;}&#8221;][vc_column][\/vc_column][\/vc_row][vc_row equal_height=&#8221;yes&#8221; content_placement=&#8221;middle&#8221; css=&#8221;.vc_custom_1667309944774{margin-top: 0px !important;}&#8221;][vc_column width=&#8221;1\/2&#8243;][\/vc_column][vc_column width=&#8221;1\/2&#8243;][vc_single_image image=&#8221;6306&#8243; img_size=&#8221;full&#8221; css_animation=&#8221;fadeInRight&#8221;][\/vc_column][\/vc_row][vc_row css=&#8221;.vc_custom_1666110080007{margin-bottom: 50px !important;}&#8221;][vc_column css_animation=&#8221;none&#8221;][vc_empty_space height=&#8221;25px&#8221;][vc_empty_space height=&#8221;25px&#8221;][\/vc_column][\/vc_row]<\/p>\n","protected":false},"author":1,"featured_media":0,"parent":0,"menu_order":0,"comment_status":"closed","ping_status":"closed","template":"page-templates\/page_without-sidebar.php","meta":{"footnotes":""},"class_list":["post-6317","page","type-page","status-publish","hentry"],"acf":[],"yoast_head":"<!-- This site is optimized with the Yoast SEO plugin v21.5 - https:\/\/yoast.com\/wordpress\/plugins\/seo\/ -->\n<title>Peru Mystical Healing Arts Course - \u0130nci Ya\u015far<\/title>\n<meta name=\"description\" content=\"Peru shamanism Shamanic healing Multiple Sclerosis Healng of MS healing of the soul holistic healing happy soul calming your soul\" \/>\n<meta name=\"robots\" content=\"index, follow, max-snippet:-1, max-image-preview:large, max-video-preview:-1\" \/>\n<link rel=\"canonical\" href=\"https:\/\/inciyasar.com\/en\/inka-shamanic-path-course\/\" \/>\n<meta property=\"og:locale\" content=\"en_US\" \/>\n<meta property=\"og:type\" content=\"article\" \/>\n<meta property=\"og:title\" content=\"Peru Mystical Healing Arts Course - \u0130nci Ya\u015far\" \/>\n<meta property=\"og:description\" content=\"Peru shamanism Shamanic healing Multiple Sclerosis Healng of MS healing of the soul holistic healing happy soul calming your soul\" \/>\n<meta property=\"og:url\" content=\"https:\/\/inciyasar.com\/en\/inka-shamanic-path-course\/\" \/>\n<meta property=\"og:site_name\" content=\"\u0130nci Ya\u015far\" \/>\n<meta property=\"article:modified_time\" content=\"2024-09-07T06:15:56+00:00\" \/>\n<meta name=\"twitter:card\" content=\"summary_large_image\" \/>\n<meta name=\"twitter:label1\" content=\"Est. reading time\" \/>\n\t<meta name=\"twitter:data1\" content=\"1 minute\" \/>\n<script type=\"application\/ld+json\" class=\"yoast-schema-graph\">{\"@context\":\"https:\/\/schema.org\",\"@graph\":[{\"@type\":\"WebPage\",\"@id\":\"https:\/\/inciyasar.com\/en\/inka-shamanic-path-course\/\",\"url\":\"https:\/\/inciyasar.com\/en\/inka-shamanic-path-course\/\",\"name\":\"Peru Mystical Healing Arts Course - \u0130nci Ya\u015far\",\"isPartOf\":{\"@id\":\"https:\/\/inciyasar.com\/en\/#website\"},\"datePublished\":\"2022-11-07T22:36:29+00:00\",\"dateModified\":\"2024-09-07T06:15:56+00:00\",\"description\":\"Peru shamanism Shamanic healing Multiple Sclerosis Healng of MS healing of the soul holistic healing happy soul calming your soul\",\"inLanguage\":\"en-US\",\"potentialAction\":[{\"@type\":\"ReadAction\",\"target\":[\"https:\/\/inciyasar.com\/en\/inka-shamanic-path-course\/\"]}]},{\"@type\":\"WebSite\",\"@id\":\"https:\/\/inciyasar.com\/en\/#website\",\"url\":\"https:\/\/inciyasar.com\/en\/\",\"name\":\"\u0130nci Ya\u015far\",\"description\":\"Reiki Master \u00d6\u011fretmeni\",\"potentialAction\":[{\"@type\":\"SearchAction\",\"target\":{\"@type\":\"EntryPoint\",\"urlTemplate\":\"https:\/\/inciyasar.com\/en\/?s={search_term_string}\"},\"query-input\":\"required name=search_term_string\"}],\"inLanguage\":\"en-US\"}]}<\/script>\n<!-- \/ Yoast SEO plugin. -->","yoast_head_json":{"title":"Peru Mystical Healing Arts Course - \u0130nci Ya\u015far","description":"Peru shamanism Shamanic healing Multiple Sclerosis Healng of MS healing of the soul holistic healing happy soul calming your soul","robots":{"index":"index","follow":"follow","max-snippet":"max-snippet:-1","max-image-preview":"max-image-preview:large","max-video-preview":"max-video-preview:-1"},"canonical":"https:\/\/inciyasar.com\/en\/inka-shamanic-path-course\/","og_locale":"en_US","og_type":"article","og_title":"Peru Mystical Healing Arts Course - \u0130nci Ya\u015far","og_description":"Peru shamanism Shamanic healing Multiple Sclerosis Healng of MS healing of the soul holistic healing happy soul calming your soul","og_url":"https:\/\/inciyasar.com\/en\/inka-shamanic-path-course\/","og_site_name":"\u0130nci Ya\u015far","article_modified_time":"2024-09-07T06:15:56+00:00","twitter_card":"summary_large_image","twitter_misc":{"Est. reading time":"1 minute"},"schema":{"@context":"https:\/\/schema.org","@graph":[{"@type":"WebPage","@id":"https:\/\/inciyasar.com\/en\/inka-shamanic-path-course\/","url":"https:\/\/inciyasar.com\/en\/inka-shamanic-path-course\/","name":"Peru Mystical Healing Arts Course - \u0130nci Ya\u015far","isPartOf":{"@id":"https:\/\/inciyasar.com\/en\/#website"},"datePublished":"2022-11-07T22:36:29+00:00","dateModified":"2024-09-07T06:15:56+00:00","description":"Peru shamanism Shamanic healing Multiple Sclerosis Healng of MS healing of the soul holistic healing happy soul calming your soul","inLanguage":"en-US","potentialAction":[{"@type":"ReadAction","target":["https:\/\/inciyasar.com\/en\/inka-shamanic-path-course\/"]}]},{"@type":"WebSite","@id":"https:\/\/inciyasar.com\/en\/#website","url":"https:\/\/inciyasar.com\/en\/","name":"\u0130nci Ya\u015far","description":"Reiki Master \u00d6\u011fretmeni","potentialAction":[{"@type":"SearchAction","target":{"@type":"EntryPoint","urlTemplate":"https:\/\/inciyasar.com\/en\/?s={search_term_string}"},"query-input":"required name=search_term_string"}],"inLanguage":"en-US"}]}},"_links":{"self":[{"href":"https:\/\/inciyasar.com\/en\/wp-json\/wp\/v2\/pages\/6317","targetHints":{"allow":["GET"]}}],"collection":[{"href":"https:\/\/inciyasar.com\/en\/wp-json\/wp\/v2\/pages"}],"about":[{"href":"https:\/\/inciyasar.com\/en\/wp-json\/wp\/v2\/types\/page"}],"author":[{"embeddable":true,"href":"https:\/\/inciyasar.com\/en\/wp-json\/wp\/v2\/users\/1"}],"replies":[{"embeddable":true,"href":"https:\/\/inciyasar.com\/en\/wp-json\/wp\/v2\/comments?post=6317"}],"version-history":[{"count":11,"href":"https:\/\/inciyasar.com\/en\/wp-json\/wp\/v2\/pages\/6317\/revisions"}],"predecessor-version":[{"id":7016,"href":"https:\/\/inciyasar.com\/en\/wp-json\/wp\/v2\/pages\/6317\/revisions\/7016"}],"wp:attachment":[{"href":"https:\/\/inciyasar.com\/en\/wp-json\/wp\/v2\/media?parent=6317"}],"curies":[{"name":"wp","href":"https:\/\/api.w.org\/{rel}","templated":true}]}}