{"id":6878,"date":"2023-06-12T22:24:47","date_gmt":"2023-06-12T19:24:47","guid":{"rendered":"https:\/\/inciyasar.com\/?page_id=6878"},"modified":"2023-06-12T22:25:13","modified_gmt":"2023-06-12T19:25:13","slug":"pricing","status":"publish","type":"page","link":"https:\/\/inciyasar.com\/en\/pricing\/","title":{"rendered":"Pricing"},"content":{"rendered":"[vc_row css_animation=&#8221;fadeInUp&#8221;][vc_column][vc_column_text]\n<h2>Pricing<\/h2>\n<p style=\"font-weight: 400;\"><strong>Bioenergy healing :<\/strong> 70 pound sterling<\/p>\n<p style=\"font-weight: 400;\"><strong>Quantum healing :<\/strong>\u00a0 80 pound sterling<\/p>\n<p style=\"font-weight: 400;\"><strong>Trauma healing :<\/strong> 100 pound sterling<\/p>\n<p style=\"font-weight: 400;\"><strong>MS Consultant and healing:<\/strong><\/p>\n<p style=\"font-weight: 400;\">This program is for 2 months, which includes 8 healing sessions and 8 private consultancy.<\/p>\n<p style=\"font-weight: 400;\">2000 pound sterling<\/p>\n[\/vc_column_text][vc_separator][\/vc_column][\/vc_row][vc_row css_animation=&#8221;fadeInUp&#8221;][vc_column][vc_column_text]\n<p style=\"text-align: center;\">\u0130nci Ya\u015far has received necessary training in Shamanism, Reiki, Bioenergy and Mystical Path Healing Arts and is an expert in this field.<\/p>\n<p style=\"text-align: center;\">I provide support for anger, anxiety, fear, sadness, grief, pain, sadness, stress, impatience and MS disease.<\/p>\n<p style=\"text-align: center;\">For more information and special consultancy services, you can contact me by filling out the <a href=\"https:\/\/inciyasar.com\/en\/registration-form\/\" target=\"_blank\" rel=\"noopener\">REGISTRATION FORM<\/a>.<\/p>\n<p style=\"text-align: center;\"><a href=\"https:\/\/www.facebook.com\/profile.php?id=100063862093785\" target=\"_blank\" rel=\"noopener\">Facebook<\/a>\u00a0 |\u00a0 <a href=\"https:\/\/instagram.com\/inciyasarcom\" target=\"_blank\" rel=\"noopener\">Instagram<\/a>\u00a0 |\u00a0 <a href=\"https:\/\/youtube.com\/@inciyasar\" target=\"_blank\" rel=\"noopener\">Youtube<\/a><\/p>\n[\/vc_column_text][\/vc_column][\/vc_row]\n","protected":false},"excerpt":{"rendered":"<p>[vc_row css_animation=&#8221;fadeInUp&#8221;][vc_column][vc_column_text] Pricing Bioenergy healing : 70 pound sterling Quantum healing :\u00a0 80 pound sterling Trauma healing : 100 pound sterling MS Consultant and healing: This program is for 2 months, which includes 8 healing sessions and 8 private consultancy. 2000 pound sterling [\/vc_column_text][vc_separator][\/vc_column][\/vc_row][vc_row css_animation=&#8221;fadeInUp&#8221;][vc_column][vc_column_text] \u0130nci Ya\u015far has received necessary training in Shamanism, Reiki, Bioenergy [&hellip;]<\/p>\n","protected":false},"author":1,"featured_media":0,"parent":0,"menu_order":0,"comment_status":"closed","ping_status":"closed","template":"","meta":{"footnotes":""},"class_list":["post-6878","page","type-page","status-publish","hentry"],"acf":[],"yoast_head":"<!-- This site is optimized with the Yoast SEO plugin v21.5 - https:\/\/yoast.com\/wordpress\/plugins\/seo\/ -->\n<title>Pricing - \u0130nci Ya\u015far<\/title>\n<meta name=\"robots\" content=\"index, follow, max-snippet:-1, max-image-preview:large, max-video-preview:-1\" \/>\n<link rel=\"canonical\" href=\"https:\/\/inciyasar.com\/en\/pricing\/\" \/>\n<meta property=\"og:locale\" content=\"en_US\" \/>\n<meta property=\"og:type\" content=\"article\" \/>\n<meta property=\"og:title\" content=\"Pricing - \u0130nci Ya\u015far\" \/>\n<meta property=\"og:description\" content=\"[vc_row css_animation=&#8221;fadeInUp&#8221;][vc_column][vc_column_text] Pricing Bioenergy healing : 70 pound sterling Quantum healing :\u00a0 80 pound sterling Trauma healing : 100 pound sterling MS Consultant and healing: This program is for 2 months, which includes 8 healing sessions and 8 private consultancy. 2000 pound sterling [\/vc_column_text][vc_separator][\/vc_column][\/vc_row][vc_row css_animation=&#8221;fadeInUp&#8221;][vc_column][vc_column_text] \u0130nci Ya\u015far has received necessary training in Shamanism, Reiki, Bioenergy [&hellip;]\" \/>\n<meta property=\"og:url\" content=\"https:\/\/inciyasar.com\/en\/pricing\/\" \/>\n<meta property=\"og:site_name\" content=\"\u0130nci Ya\u015far\" \/>\n<meta property=\"article:modified_time\" content=\"2023-06-12T19:25:13+00:00\" \/>\n<meta name=\"twitter:card\" content=\"summary_large_image\" \/>\n<meta name=\"twitter:label1\" content=\"Est. reading time\" \/>\n\t<meta name=\"twitter:data1\" content=\"1 minute\" \/>\n<script type=\"application\/ld+json\" class=\"yoast-schema-graph\">{\"@context\":\"https:\/\/schema.org\",\"@graph\":[{\"@type\":\"WebPage\",\"@id\":\"https:\/\/inciyasar.com\/en\/pricing\/\",\"url\":\"https:\/\/inciyasar.com\/en\/pricing\/\",\"name\":\"Pricing - \u0130nci Ya\u015far\",\"isPartOf\":{\"@id\":\"https:\/\/inciyasar.com\/en\/#website\"},\"datePublished\":\"2023-06-12T19:24:47+00:00\",\"dateModified\":\"2023-06-12T19:25:13+00:00\",\"inLanguage\":\"en-US\",\"potentialAction\":[{\"@type\":\"ReadAction\",\"target\":[\"https:\/\/inciyasar.com\/en\/pricing\/\"]}]},{\"@type\":\"WebSite\",\"@id\":\"https:\/\/inciyasar.com\/en\/#website\",\"url\":\"https:\/\/inciyasar.com\/en\/\",\"name\":\"\u0130nci Ya\u015far\",\"description\":\"Reiki Master \u00d6\u011fretmeni\",\"potentialAction\":[{\"@type\":\"SearchAction\",\"target\":{\"@type\":\"EntryPoint\",\"urlTemplate\":\"https:\/\/inciyasar.com\/en\/?s={search_term_string}\"},\"query-input\":\"required name=search_term_string\"}],\"inLanguage\":\"en-US\"}]}<\/script>\n<!-- \/ Yoast SEO plugin. -->","yoast_head_json":{"title":"Pricing - \u0130nci Ya\u015far","robots":{"index":"index","follow":"follow","max-snippet":"max-snippet:-1","max-image-preview":"max-image-preview:large","max-video-preview":"max-video-preview:-1"},"canonical":"https:\/\/inciyasar.com\/en\/pricing\/","og_locale":"en_US","og_type":"article","og_title":"Pricing - \u0130nci Ya\u015far","og_description":"[vc_row css_animation=&#8221;fadeInUp&#8221;][vc_column][vc_column_text] Pricing Bioenergy healing : 70 pound sterling Quantum healing :\u00a0 80 pound sterling Trauma healing : 100 pound sterling MS Consultant and healing: This program is for 2 months, which includes 8 healing sessions and 8 private consultancy. 2000 pound sterling [\/vc_column_text][vc_separator][\/vc_column][\/vc_row][vc_row css_animation=&#8221;fadeInUp&#8221;][vc_column][vc_column_text] \u0130nci Ya\u015far has received necessary training in Shamanism, Reiki, Bioenergy [&hellip;]","og_url":"https:\/\/inciyasar.com\/en\/pricing\/","og_site_name":"\u0130nci Ya\u015far","article_modified_time":"2023-06-12T19:25:13+00:00","twitter_card":"summary_large_image","twitter_misc":{"Est. reading time":"1 minute"},"schema":{"@context":"https:\/\/schema.org","@graph":[{"@type":"WebPage","@id":"https:\/\/inciyasar.com\/en\/pricing\/","url":"https:\/\/inciyasar.com\/en\/pricing\/","name":"Pricing - \u0130nci Ya\u015far","isPartOf":{"@id":"https:\/\/inciyasar.com\/en\/#website"},"datePublished":"2023-06-12T19:24:47+00:00","dateModified":"2023-06-12T19:25:13+00:00","inLanguage":"en-US","potentialAction":[{"@type":"ReadAction","target":["https:\/\/inciyasar.com\/en\/pricing\/"]}]},{"@type":"WebSite","@id":"https:\/\/inciyasar.com\/en\/#website","url":"https:\/\/inciyasar.com\/en\/","name":"\u0130nci Ya\u015far","description":"Reiki Master \u00d6\u011fretmeni","potentialAction":[{"@type":"SearchAction","target":{"@type":"EntryPoint","urlTemplate":"https:\/\/inciyasar.com\/en\/?s={search_term_string}"},"query-input":"required name=search_term_string"}],"inLanguage":"en-US"}]}},"_links":{"self":[{"href":"https:\/\/inciyasar.com\/en\/wp-json\/wp\/v2\/pages\/6878","targetHints":{"allow":["GET"]}}],"collection":[{"href":"https:\/\/inciyasar.com\/en\/wp-json\/wp\/v2\/pages"}],"about":[{"href":"https:\/\/inciyasar.com\/en\/wp-json\/wp\/v2\/types\/page"}],"author":[{"embeddable":true,"href":"https:\/\/inciyasar.com\/en\/wp-json\/wp\/v2\/users\/1"}],"replies":[{"embeddable":true,"href":"https:\/\/inciyasar.com\/en\/wp-json\/wp\/v2\/comments?post=6878"}],"version-history":[{"count":2,"href":"https:\/\/inciyasar.com\/en\/wp-json\/wp\/v2\/pages\/6878\/revisions"}],"predecessor-version":[{"id":6880,"href":"https:\/\/inciyasar.com\/en\/wp-json\/wp\/v2\/pages\/6878\/revisions\/6880"}],"wp:attachment":[{"href":"https:\/\/inciyasar.com\/en\/wp-json\/wp\/v2\/media?parent=6878"}],"curies":[{"name":"wp","href":"https:\/\/api.w.org\/{rel}","templated":true}]}}