{"id":6906,"date":"2023-06-20T20:38:05","date_gmt":"2023-06-20T17:38:05","guid":{"rendered":"https:\/\/inciyasar.com\/enerji-zinciri\/"},"modified":"2023-06-20T20:39:31","modified_gmt":"2023-06-20T17:39:31","slug":"energy-chain","status":"publish","type":"page","link":"https:\/\/inciyasar.com\/en\/energy-chain\/","title":{"rendered":"Energy Chain"},"content":{"rendered":"[vc_row equal_height=&#8221;yes&#8221; content_placement=&#8221;top&#8221; css=&#8221;.vc_custom_1687282606992{margin-top: 30px !important;}&#8221;][vc_column width=&#8221;1\/3&#8243;][vc_single_image image=&#8221;6898&#8243; img_size=&#8221;full&#8221;][\/vc_column][vc_column width=&#8221;2\/3&#8243;]<div id=\"argenta-custom-69fc9654b9e19\"  data-aos=\"fade-up\" >\n\t<p>USUI &gt; HAYASHI &gt; TAKATA &gt; IRIS ISHIKURO &gt; ARTHUR ROBERTSON &gt; BILL COSTA &gt; IRENE GRAY &gt; SUSAN BROWN &gt;\u00a0 MELANIE CHONG &gt; CAROLE WARREN &gt; SAVITRI SRIHARAN &gt; REIKI MASTER INCI SUTHERLAND<\/p>\n<\/div>\n\n[\/vc_column][\/vc_row]\n","protected":false},"excerpt":{"rendered":"<p>[vc_row equal_height=&#8221;yes&#8221; content_placement=&#8221;top&#8221; css=&#8221;.vc_custom_1687282606992{margin-top: 30px !important;}&#8221;][vc_column width=&#8221;1\/3&#8243;][vc_single_image image=&#8221;6898&#8243; img_size=&#8221;full&#8221;][\/vc_column][vc_column width=&#8221;2\/3&#8243;][\/vc_column][\/vc_row]<\/p>\n","protected":false},"author":1,"featured_media":0,"parent":0,"menu_order":0,"comment_status":"closed","ping_status":"closed","template":"","meta":{"footnotes":""},"class_list":["post-6906","page","type-page","status-publish","hentry"],"acf":[],"yoast_head":"<!-- This site is optimized with the Yoast SEO plugin v21.5 - https:\/\/yoast.com\/wordpress\/plugins\/seo\/ -->\n<title>Energy Chain - \u0130nci Ya\u015far<\/title>\n<meta name=\"robots\" content=\"index, follow, max-snippet:-1, max-image-preview:large, max-video-preview:-1\" \/>\n<link rel=\"canonical\" href=\"https:\/\/inciyasar.com\/en\/energy-chain\/\" \/>\n<meta property=\"og:locale\" content=\"en_US\" \/>\n<meta property=\"og:type\" content=\"article\" \/>\n<meta property=\"og:title\" content=\"Energy Chain - \u0130nci Ya\u015far\" \/>\n<meta property=\"og:description\" content=\"[vc_row equal_height=&#8221;yes&#8221; content_placement=&#8221;top&#8221; css=&#8221;.vc_custom_1687282606992{margin-top: 30px !important;}&#8221;][vc_column width=&#8221;1\/3&#8243;][vc_single_image image=&#8221;6898&#8243; img_size=&#8221;full&#8221;][\/vc_column][vc_column width=&#8221;2\/3&#8243;][\/vc_column][\/vc_row]\" \/>\n<meta property=\"og:url\" content=\"https:\/\/inciyasar.com\/en\/energy-chain\/\" \/>\n<meta property=\"og:site_name\" content=\"\u0130nci Ya\u015far\" \/>\n<meta property=\"article:modified_time\" content=\"2023-06-20T17:39:31+00:00\" \/>\n<meta name=\"twitter:card\" content=\"summary_large_image\" \/>\n<meta name=\"twitter:label1\" content=\"Est. reading time\" \/>\n\t<meta name=\"twitter:data1\" content=\"1 minute\" \/>\n<script type=\"application\/ld+json\" class=\"yoast-schema-graph\">{\"@context\":\"https:\/\/schema.org\",\"@graph\":[{\"@type\":\"WebPage\",\"@id\":\"https:\/\/inciyasar.com\/en\/energy-chain\/\",\"url\":\"https:\/\/inciyasar.com\/en\/energy-chain\/\",\"name\":\"Energy Chain - \u0130nci Ya\u015far\",\"isPartOf\":{\"@id\":\"https:\/\/inciyasar.com\/en\/#website\"},\"datePublished\":\"2023-06-20T17:38:05+00:00\",\"dateModified\":\"2023-06-20T17:39:31+00:00\",\"inLanguage\":\"en-US\",\"potentialAction\":[{\"@type\":\"ReadAction\",\"target\":[\"https:\/\/inciyasar.com\/en\/energy-chain\/\"]}]},{\"@type\":\"WebSite\",\"@id\":\"https:\/\/inciyasar.com\/en\/#website\",\"url\":\"https:\/\/inciyasar.com\/en\/\",\"name\":\"\u0130nci Ya\u015far\",\"description\":\"Reiki Master \u00d6\u011fretmeni\",\"potentialAction\":[{\"@type\":\"SearchAction\",\"target\":{\"@type\":\"EntryPoint\",\"urlTemplate\":\"https:\/\/inciyasar.com\/en\/?s={search_term_string}\"},\"query-input\":\"required name=search_term_string\"}],\"inLanguage\":\"en-US\"}]}<\/script>\n<!-- \/ Yoast SEO plugin. -->","yoast_head_json":{"title":"Energy Chain - \u0130nci Ya\u015far","robots":{"index":"index","follow":"follow","max-snippet":"max-snippet:-1","max-image-preview":"max-image-preview:large","max-video-preview":"max-video-preview:-1"},"canonical":"https:\/\/inciyasar.com\/en\/energy-chain\/","og_locale":"en_US","og_type":"article","og_title":"Energy Chain - \u0130nci Ya\u015far","og_description":"[vc_row equal_height=&#8221;yes&#8221; content_placement=&#8221;top&#8221; css=&#8221;.vc_custom_1687282606992{margin-top: 30px !important;}&#8221;][vc_column width=&#8221;1\/3&#8243;][vc_single_image image=&#8221;6898&#8243; img_size=&#8221;full&#8221;][\/vc_column][vc_column width=&#8221;2\/3&#8243;][\/vc_column][\/vc_row]","og_url":"https:\/\/inciyasar.com\/en\/energy-chain\/","og_site_name":"\u0130nci Ya\u015far","article_modified_time":"2023-06-20T17:39:31+00:00","twitter_card":"summary_large_image","twitter_misc":{"Est. reading time":"1 minute"},"schema":{"@context":"https:\/\/schema.org","@graph":[{"@type":"WebPage","@id":"https:\/\/inciyasar.com\/en\/energy-chain\/","url":"https:\/\/inciyasar.com\/en\/energy-chain\/","name":"Energy Chain - \u0130nci Ya\u015far","isPartOf":{"@id":"https:\/\/inciyasar.com\/en\/#website"},"datePublished":"2023-06-20T17:38:05+00:00","dateModified":"2023-06-20T17:39:31+00:00","inLanguage":"en-US","potentialAction":[{"@type":"ReadAction","target":["https:\/\/inciyasar.com\/en\/energy-chain\/"]}]},{"@type":"WebSite","@id":"https:\/\/inciyasar.com\/en\/#website","url":"https:\/\/inciyasar.com\/en\/","name":"\u0130nci Ya\u015far","description":"Reiki Master \u00d6\u011fretmeni","potentialAction":[{"@type":"SearchAction","target":{"@type":"EntryPoint","urlTemplate":"https:\/\/inciyasar.com\/en\/?s={search_term_string}"},"query-input":"required name=search_term_string"}],"inLanguage":"en-US"}]}},"_links":{"self":[{"href":"https:\/\/inciyasar.com\/en\/wp-json\/wp\/v2\/pages\/6906","targetHints":{"allow":["GET"]}}],"collection":[{"href":"https:\/\/inciyasar.com\/en\/wp-json\/wp\/v2\/pages"}],"about":[{"href":"https:\/\/inciyasar.com\/en\/wp-json\/wp\/v2\/types\/page"}],"author":[{"embeddable":true,"href":"https:\/\/inciyasar.com\/en\/wp-json\/wp\/v2\/users\/1"}],"replies":[{"embeddable":true,"href":"https:\/\/inciyasar.com\/en\/wp-json\/wp\/v2\/comments?post=6906"}],"version-history":[{"count":1,"href":"https:\/\/inciyasar.com\/en\/wp-json\/wp\/v2\/pages\/6906\/revisions"}],"predecessor-version":[{"id":6907,"href":"https:\/\/inciyasar.com\/en\/wp-json\/wp\/v2\/pages\/6906\/revisions\/6907"}],"wp:attachment":[{"href":"https:\/\/inciyasar.com\/en\/wp-json\/wp\/v2\/media?parent=6906"}],"curies":[{"name":"wp","href":"https:\/\/api.w.org\/{rel}","templated":true}]}}